{"id":22,"date":"2025-02-12T20:13:07","date_gmt":"2025-02-12T20:13:07","guid":{"rendered":"https:\/\/jmk-hammel.com\/?page_id=22"},"modified":"2025-08-02T16:29:15","modified_gmt":"2025-08-02T14:29:15","slug":"regler-og-info","status":"publish","type":"page","link":"https:\/\/jmk-hammel.com\/?page_id=22","title":{"rendered":"Regler og Info"},"content":{"rendered":"\n<blockquote class=\"wp-block-quote alignfull is-layout-flow wp-container-core-quote-is-layout-f016c79b wp-block-quote-is-layout-flow\" style=\"padding-top:0;padding-right:0;padding-bottom:0;padding-left:0\"><\/blockquote>\n\n\n\n<div class=\"wp-block-cover\" style=\"min-height:478px;aspect-ratio:unset;\"><img decoding=\"async\" width=\"733\" height=\"1100\" class=\"wp-block-cover__image-background wp-image-175\" alt=\"hvide hundepoter st\u00e5ende p\u00e5 et gammelt tr\u00e6gulv\" src=\"https:\/\/jmk-hammel.com\/wp-content\/uploads\/2025\/02\/dog-s-paws-old-vintage-brushed-wooden-table-top-view-min11-scaled-e1739392508249.webp\" style=\"object-position:51% 24%\" data-object-fit=\"cover\" data-object-position=\"51% 24%\" srcset=\"https:\/\/jmk-hammel.com\/wp-content\/uploads\/2025\/02\/dog-s-paws-old-vintage-brushed-wooden-table-top-view-min11-scaled-e1739392508249.webp 733w, https:\/\/jmk-hammel.com\/wp-content\/uploads\/2025\/02\/dog-s-paws-old-vintage-brushed-wooden-table-top-view-min11-scaled-e1739392508249-200x300.webp 200w, https:\/\/jmk-hammel.com\/wp-content\/uploads\/2025\/02\/dog-s-paws-old-vintage-brushed-wooden-table-top-view-min11-scaled-e1739392508249-682x1024.webp 682w\" sizes=\"(max-width: 733px) 100vw, 733px\" \/><span aria-hidden=\"true\" class=\"wp-block-cover__background has-background-dim\" style=\"background-color:#51423e\"><\/span><div class=\"wp-block-cover__inner-container is-layout-flow wp-block-cover-is-layout-flow\">\n<h2 class=\"wp-block-heading has-text-align-center has-text-color has-link-color wp-elements-33edcb0548beaa970351c01a45bd96c4\" style=\"color:#f7fc00\">REGLER OG INFO<\/h2>\n\n\n\n<p class=\"has-text-align-center has-large-font-size\"><\/p>\n\n\n\n<p class=\"has-text-color has-link-color wp-elements-9baa2d7d549d3c2ddfb5dd43d50e2568\" style=\"color:#f7fc00\"><strong>BETALINGSMETODER<\/strong><br>Jeg accepterer betalinger via MobilPay<\/p>\n\n\n\n<p class=\"has-text-color has-link-color wp-elements-a33863b4f87d95a2590076687f4949cf\" style=\"color:#f7fc00\"><strong>SKAL JEG BETALE MERE FOR SAMMENFILTRET?<\/strong><br>Nej mine priser er faste. Men hvis hunden har en sammenfiltret pels, s\u00e5 giv mig besked i beskrivelsen ved booking.<\/p>\n\n\n\n<p class=\"has-text-color has-link-color wp-elements-5ef1ec989c617ad075cdfc7231539e65\" style=\"color:#f7fc00\"><strong>SKAL JEG BETALE, N\u00c5R JEG FORETAGER EN RESERVATION?<\/strong><br>Nej, reservationen er gratis. Den sidste side af reservationen ligner en faktura, der skal betales, og bekr\u00e6ftelsesknappen hedder #Godkent og betal #. Jeg kan ikke rette det i \u00f8jeblikket. Jeg taler om det med det firma, der administrerer min hjemmeside.<\/p>\n\n\n\n<p class=\"has-text-color has-link-color wp-elements-515169b2bc7841881328a2d298804566\" style=\"color:#f7fc00\"><strong>HVIS DU V\u00c6LGER EN <em>KLIPNING UDEN VASK<\/em>.<\/strong><br>Det er billigere og tager ikke s\u00e5 meget tid. Jeg forventer dog, at du vasker din hund mere end 3 dage f\u00f8r dit bes\u00f8g. Brug af t\u00f8rshampoo er ikke det samme som at vaske.<\/p>\n\n\n\n<p class=\"has-text-color has-link-color wp-elements-2f343375b7a85221c6c5ef883ff6d9a7\" style=\"color:#f7fc00\"><strong>HVORDAN BESTEMMER JEG MIN HUNDS ST\u00d8RRELSE?<\/strong><br>Jeg vil ikke veje din hund \ud83d\ude42 Jeg bestemmer hundens st\u00f8rrelse ( lille, mellem, stor) ud fra offentligt tilg\u00e6ngelige oplysninger om hundens race. Du kan google det.<\/p>\n\n\n\n<p class=\"has-text-color has-link-color wp-elements-92e17a4cfa66896c20fed80807c5420f\" style=\"color:#f7fc00\"><strong>HVAD SKAL DU G\u00d8RE INDEN DU BES\u00d8GER SALONEN?<\/strong><br>Det er vigtigt, at din hund er godt luftet, inden den skal klippes. Din hund skal v\u00e6re i salonen ca. 1-2 timer, og det er derfor sk\u00f8nt for hunden ikke at v\u00e6re tr\u00e6ngende.levere tjenesten.<\/p>\n\n\n\n<p class=\"has-text-color has-link-color wp-elements-33a045bc6bcb02c9db0903ed06728a0d\" style=\"color:#f7fc00\"><strong>HVIS HUNHUNDEN ER I L\u00d8BETID.<\/strong><br>Hunner, der er i l\u00f8betid m\u00e5 desv\u00e6rre ikke v\u00e6re i salonen for at f\u00e5 grooming behandling<\/p>\n\n\n\n<p class=\"has-text-color has-link-color wp-elements-592d898f45be4daff73275bf0eefc5b6\" style=\"color:#f7fc00\"><strong>HVIS HUNDEN ER AGGRESSIV ELLER DOMINERENDE?<\/strong><br>Jeg bliver desv\u00e6rre n\u00f8dt til at n\u00e6gte at levere tjenesten. Min sikkerhed er i h\u00f8js\u00e6det<\/p>\n\n\n\n<p class=\"has-text-color has-link-color wp-elements-0219c0fe18cd8b53a539ea10f8ef5221\" style=\"color:#f7fc00\"><strong>HVORN\u00c5R KAN JEG HENTE MIN HUND?<\/strong><br>V\u00e6r venlig ikke at komme til afhent Deres hund f\u00f8r hundefris\u00f8ren kontakter Dem. De bliver ringet op eller f\u00e5r besked n\u00e5r De skal komme. Sommetider kan en session nemlig tage l\u00e6ngere tid end forventet.<\/p>\n\n\n\n<p class=\"has-text-color has-link-color wp-elements-1e7a2d24df4d4650291293875ccc89ee\" style=\"color:#f7fc00\"><strong>HVAD HVIS JEG IKKE KOMMER TIL M\u00d8DET?<\/strong><br>Informer mig venligst p\u00e5 forh\u00e5nd mindst 24 timer f\u00f8r.<\/p>\n<\/div><\/div>\n","protected":false},"excerpt":{"rendered":"","protected":false},"author":1,"featured_media":0,"parent":0,"menu_order":0,"comment_status":"closed","ping_status":"closed","template":"","meta":{"site-sidebar-layout":"default","site-content-layout":"","ast-site-content-layout":"","site-content-style":"default","site-sidebar-style":"default","ast-global-header-display":"","ast-banner-title-visibility":"","ast-main-header-display":"","ast-hfb-above-header-display":"","ast-hfb-below-header-display":"","ast-hfb-mobile-header-display":"","site-post-title":"disabled","ast-breadcrumbs-content":"","ast-featured-img":"","footer-sml-layout":"","ast-disable-related-posts":"","theme-transparent-header-meta":"","adv-header-id-meta":"","stick-header-meta":"","header-above-stick-meta":"","header-main-stick-meta":"","header-below-stick-meta":"","astra-migrate-meta-layouts":"default","ast-page-background-enabled":"default","ast-page-background-meta":{"desktop":{"background-color":"var(--ast-global-color-5)","background-image":"","background-repeat":"repeat","background-position":"center center","background-size":"auto","background-attachment":"scroll","background-type":"","background-media":"","overlay-type":"","overlay-color":"","overlay-opacity":"","overlay-gradient":""},"tablet":{"background-color":"","background-image":"","background-repeat":"repeat","background-position":"center center","background-size":"auto","background-attachment":"scroll","background-type":"","background-media":"","overlay-type":"","overlay-color":"","overlay-opacity":"","overlay-gradient":""},"mobile":{"background-color":"","background-image":"","background-repeat":"repeat","background-position":"center center","background-size":"auto","background-attachment":"scroll","background-type":"","background-media":"","overlay-type":"","overlay-color":"","overlay-opacity":"","overlay-gradient":""}},"ast-content-background-meta":{"desktop":{"background-color":"var(--ast-global-color-4)","background-image":"","background-repeat":"repeat","background-position":"center center","background-size":"auto","background-attachment":"scroll","background-type":"","background-media":"","overlay-type":"","overlay-color":"","overlay-opacity":"","overlay-gradient":""},"tablet":{"background-color":"var(--ast-global-color-4)","background-image":"","background-repeat":"repeat","background-position":"center center","background-size":"auto","background-attachment":"scroll","background-type":"","background-media":"","overlay-type":"","overlay-color":"","overlay-opacity":"","overlay-gradient":""},"mobile":{"background-color":"var(--ast-global-color-4)","background-image":"","background-repeat":"repeat","background-position":"center center","background-size":"auto","background-attachment":"scroll","background-type":"","background-media":"","overlay-type":"","overlay-color":"","overlay-opacity":"","overlay-gradient":""}},"footnotes":""},"class_list":["post-22","page","type-page","status-publish","hentry"],"_links":{"self":[{"href":"https:\/\/jmk-hammel.com\/index.php?rest_route=\/wp\/v2\/pages\/22","targetHints":{"allow":["GET"]}}],"collection":[{"href":"https:\/\/jmk-hammel.com\/index.php?rest_route=\/wp\/v2\/pages"}],"about":[{"href":"https:\/\/jmk-hammel.com\/index.php?rest_route=\/wp\/v2\/types\/page"}],"author":[{"embeddable":true,"href":"https:\/\/jmk-hammel.com\/index.php?rest_route=\/wp\/v2\/users\/1"}],"replies":[{"embeddable":true,"href":"https:\/\/jmk-hammel.com\/index.php?rest_route=%2Fwp%2Fv2%2Fcomments&post=22"}],"version-history":[{"count":2,"href":"https:\/\/jmk-hammel.com\/index.php?rest_route=\/wp\/v2\/pages\/22\/revisions"}],"predecessor-version":[{"id":364,"href":"https:\/\/jmk-hammel.com\/index.php?rest_route=\/wp\/v2\/pages\/22\/revisions\/364"}],"wp:attachment":[{"href":"https:\/\/jmk-hammel.com\/index.php?rest_route=%2Fwp%2Fv2%2Fmedia&parent=22"}],"curies":[{"name":"wp","href":"https:\/\/api.w.org\/{rel}","templated":true}]}}