{"id":2,"date":"2025-02-11T19:49:15","date_gmt":"2025-02-11T19:49:15","guid":{"rendered":"https:\/\/jmk-hammel.com\/?page_id=2"},"modified":"2026-02-13T17:28:24","modified_gmt":"2026-02-13T16:28:24","slug":"sample-page","status":"publish","type":"page","link":"https:\/\/jmk-hammel.com\/","title":{"rendered":"Hjemme"},"content":{"rendered":"\n<div class=\"wp-block-cover alignfull is-light has-parallax has-custom-content-position is-position-top-center has-ast-global-color-6-color has-text-color has-link-color wp-elements-cdc418b54b038b7251183bdac60a13aa\" style=\"min-height:676px;aspect-ratio:unset;\"><div role=\"img\" aria-label=\"En Coton de Tulear-hund er glad efter en klipning i en hundevenlig fris\u00f8rsalon i Hammel, Favrskov kommune\" class=\"wp-block-cover__image-background wp-image-181 has-parallax\" style=\"background-position:50% 50%;background-image:url(https:\/\/jmk-hammel.com\/wp-content\/uploads\/2025\/02\/havana-efter.webp)\"><\/div><span aria-hidden=\"true\" class=\"wp-block-cover__background has-background-dim-60 has-background-dim\" style=\"background-color:#e7f771\"><\/span><div class=\"wp-block-cover__inner-container is-layout-constrained wp-block-cover-is-layout-constrained\">\n<h1 class=\"wp-block-heading has-text-align-center has-ast-global-color-2-color has-text-color has-link-color wp-elements-dd4c0cd94bb6d8813c5ec011ca3b1387\">Velkommen til JMK Hundklippning hundefris\u00f8r i Hammel<\/h1>\n\n\n\n<div style=\"height:30px\" aria-hidden=\"true\" class=\"wp-block-spacer\"><\/div>\n\n\n\n<h2 class=\"wp-block-heading has-text-align-center has-ast-global-color-6-color has-text-color has-link-color has-medium-font-size wp-elements-e96d221894a048c50cb61c62b075b557\">Professionelle plejetjenester til din hund<\/h2>\n\n\n\n<p class=\"has-ast-global-color-6-color has-text-color has-link-color wp-elements-3a7a741460603fea339c05d36df2a8fa\">Jeg tilbyder en bred vifte af ydelser, der sikrer din hunds velv\u00e6re og udseende. Vores tjenester inkluderer:<\/p>\n\n\n\n<ul class=\"wp-block-list\">\n<li class=\"has-ast-global-color-6-color has-text-color has-link-color wp-elements-cc6bd07d8338ef0c30f5069e254dacf5\">Klipning: Tilpasning af pels for et flot og velplejet look.<\/li>\n\n\n\n<li class=\"has-ast-global-color-6-color has-text-color has-link-color wp-elements-7ef8c4415b8f6905b51a4b4b01ff8d41\">Badning: Grundig reng\u00f8ring af pels og hud med sk\u00e5nsomme produkter.<\/li>\n\n\n\n<li class=\"has-ast-global-color-6-color has-text-color has-link-color wp-elements-fca9bed243e0b85185ea24ddea0b93f7\">Pelspleje: Regelm\u00e6ssig b\u00f8rstning og pleje af pelsen for at undg\u00e5 filtre.<\/li>\n\n\n\n<li class=\"has-ast-global-color-6-color has-text-color has-link-color wp-elements-77deef32364e637a1f30b2d0fe33fc5b\">Negleklipning: Sikker og pr\u00e6cis klipning af negle for at forhindre skader.<\/li>\n\n\n\n<li class=\"has-ast-global-color-6-color has-text-color has-link-color wp-elements-7f84b5815f7aceefc42df0ac4aae80c6\">\u00d8rerensning: Grundig rensning af \u00f8rerne for at forhindre infektioner.<\/li>\n<\/ul>\n\n\n\n<div style=\"height:15px\" aria-hidden=\"true\" class=\"wp-block-spacer\"><\/div>\n\n\n\n<p class=\"has-ast-global-color-6-color has-text-color has-link-color wp-elements-47bbff61ae4a14667054432ebdaf3e54\">Jeg bruger kun de bedste produkter og teknikker for at sikre, at din hund altid ser fantastisk ud og f\u00f8ler sig godt tilpas. N\u00e5r du v\u00e6lger mine plejetjenester, kan du v\u00e6re sikker p\u00e5, at din hund er i de bedste h\u00e6nder. Jeg s\u00e6tter stor pris p\u00e5 komfort og sikkerhed under hele plejeprocessen. Med min mange\u00e5rige erfaring og omhyggelige tilgang sikrer jeg, at din hund f\u00e5r den bedste behandling, hver gang.<\/p>\n\n\n\n<p>Jeg tager mig tid til at forst\u00e5 din hunds specifikke behov og pr\u00e6ferencer, hvilket g\u00f8r plejeoplevelsen b\u00e5de behagelig og stressfri for b\u00e5de dig og din firbenede ven.<\/p>\n\n\n\n<p>Hvis du har sp\u00f8rgsm\u00e5l eller \u00f8nsker at h\u00f8re mere om mine tjenester, er du altid velkommen til at kontakte mig. Jeg ser frem til at hj\u00e6lpe din hund med at se og f\u00f8le sig bedst muligt \u00e5ret rundt. Book en tid i dag og oplev forskellen ved professionel hundepleje. Jeg er dedikeret til at give din hund den bedste plejeoplevelse og sikre, at den ser fantastisk ud og f\u00f8ler sig godt tilpas \u00e5ret rundt.<\/p>\n<\/div><\/div>\n\n\n\n<div class=\"wp-block-cover alignfull is-light has-parallax has-custom-content-position is-position-top-center\" style=\"min-height:597px;aspect-ratio:unset;\"><div role=\"img\" aria-label=\"En havaner med funklende \u00f8jne venter p\u00e5 sin glade ejer efter at have bes\u00f8gt JMK Hundeklipperen\" class=\"wp-block-cover__image-background wp-image-169 has-parallax\" style=\"background-position:50% 50%;background-image:url(https:\/\/jmk-hammel.com\/wp-content\/uploads\/2025\/02\/20220610_1547111_edited-e1739392422901.webp)\"><\/div><span aria-hidden=\"true\" class=\"wp-block-cover__background has-background-dim-60 has-background-dim\" style=\"background-color:#e7f771\"><\/span><div class=\"wp-block-cover__inner-container is-layout-flow wp-block-cover-is-layout-flow\">\n<h3 class=\"wp-block-heading has-text-align-center has-ast-global-color-2-color has-text-color has-link-color has-large-font-size wp-elements-9165f66145bbd5eaff744f1b4ad6454a\">\u00c5bningstider<\/h3>\n\n\n\n<p class=\"has-text-align-center has-ast-global-color-6-color has-text-color has-link-color has-medium-font-size wp-elements-b56aac6ff22761f1db9a3709c9f4a4a9\">Min hundefris\u00f8rsalon er \u00e5ben<br> mandag til fredag \u200b\u200bfra 8:30 til 17:00 <\/p>\n\n\n\n<div style=\"height:20px\" aria-hidden=\"true\" class=\"wp-block-spacer\"><\/div>\n\n\n\n<p class=\"has-text-align-center has-ast-global-color-6-color has-text-color has-link-color has-medium-font-size wp-elements-b99e81cb0de1d76f67c709add1ea19d9\" data-aos=\"zoom-out\"><strong>Bem\u00e6rk, at alle bes\u00f8g skal aftales p\u00e5 forh\u00e5nd.<\/strong><\/p>\n<\/div><\/div>\n\n\n\n<div class=\"wp-block-cover alignfull is-light has-custom-content-position is-position-bottom-center\" style=\"min-height:604px;aspect-ratio:unset;\"><img decoding=\"async\" width=\"1000\" height=\"667\" class=\"wp-block-cover__image-background wp-image-170\" alt=\"\" src=\"https:\/\/jmk-hammel.com\/wp-content\/uploads\/2025\/02\/2148949574-e1739392397153.webp\" style=\"object-position:47% 90%\" data-object-fit=\"cover\" data-object-position=\"47% 90%\" srcset=\"https:\/\/jmk-hammel.com\/wp-content\/uploads\/2025\/02\/2148949574-e1739392397153.webp 1000w, https:\/\/jmk-hammel.com\/wp-content\/uploads\/2025\/02\/2148949574-e1739392397153-300x200.webp 300w, https:\/\/jmk-hammel.com\/wp-content\/uploads\/2025\/02\/2148949574-e1739392397153-768x512.webp 768w\" sizes=\"(max-width: 1000px) 100vw, 1000px\" \/><span aria-hidden=\"true\" class=\"wp-block-cover__background has-background-dim-60 has-background-dim\" style=\"background-color:#e7f771\"><\/span><div class=\"wp-block-cover__inner-container is-layout-constrained wp-block-cover-is-layout-constrained\">\n<div class=\"wp-block-columns is-layout-flex wp-container-core-columns-is-layout-28f84493 wp-block-columns-is-layout-flex\">\n<div class=\"wp-block-column is-layout-flow wp-block-column-is-layout-flow\" style=\"flex-basis:33.33%\">\n<h3 class=\"wp-block-heading has-text-align-center has-ast-global-color-2-color has-text-color has-link-color has-medium-font-size wp-elements-11323dee654c31925166513e2100035c\">Du finder mig p\u00e5:<br>\u00d8stergade 7B, 8450 Hammel<\/h3>\n\n\n\n<div class=\"wp-block-buttons is-content-justification-center is-layout-flex wp-container-core-buttons-is-layout-a89b3969 wp-block-buttons-is-layout-flex\">\n<div class=\"wp-block-button has-custom-width wp-block-button__width-50\" data-aos=\"flip-up\" data-aos-duration=\"450\"><a class=\"wp-block-button__link has-text-color has-background has-link-color has-custom-font-size wp-element-button\" href=\"https:\/\/jmk-hammel.com\/?page_id=62\" style=\"color:#1f3904;background-color:#e0a910;font-size:16px\"><strong>Book tid<\/strong><\/a><\/div>\n<\/div>\n<\/div>\n\n\n\n<div class=\"wp-block-column is-layout-flow wp-block-column-is-layout-flow\" style=\"flex-basis:70%\"><p><a href=\"https:\/\/www.google.com\/maps\/place\/Jmk+Hundefris%C3%B8r\/@56.2556664,9.8643482,16z\/data=!4m6!3m5!1s0x464c0d1f9f11652d:0xc87bfa0dec3aabeb!8m2!3d56.256414!4d9.8657581!16s%2Fg%2F11rv3wk9x0?hl=en&#038;entry=ttu&#038;g_ep=EgoyMDI1MDIyNS4wIKXMDSoJLDEwMjExNDU1SAFQAw%3D%3D\" target=\"_blank\"><br \/>\n    <img decoding=\"async\" src=\"https:\/\/jmk-hammel.com\/wp-content\/uploads\/2025\/02\/Kort.webp\" alt=\"Beliggenhedskort\" style=\"width: 100%; max-width: 700px;\"><br \/>\n<\/a><\/p>\n<\/div>\n<\/div>\n<\/div><\/div>\n\n\n\n<p><\/p>\n","protected":false},"excerpt":{"rendered":"","protected":false},"author":1,"featured_media":0,"parent":0,"menu_order":0,"comment_status":"closed","ping_status":"open","template":"","meta":{"site-sidebar-layout":"default","site-content-layout":"","ast-site-content-layout":"","site-content-style":"default","site-sidebar-style":"default","ast-global-header-display":"","ast-banner-title-visibility":"","ast-main-header-display":"","ast-hfb-above-header-display":"","ast-hfb-below-header-display":"","ast-hfb-mobile-header-display":"","site-post-title":"disabled","ast-breadcrumbs-content":"","ast-featured-img":"","footer-sml-layout":"","ast-disable-related-posts":"","theme-transparent-header-meta":"","adv-header-id-meta":"","stick-header-meta":"","header-above-stick-meta":"","header-main-stick-meta":"","header-below-stick-meta":"","astra-migrate-meta-layouts":"default","ast-page-background-enabled":"default","ast-page-background-meta":{"desktop":{"background-color":"var(--ast-global-color-5)","background-image":"","background-repeat":"repeat","background-position":"center center","background-size":"auto","background-attachment":"scroll","background-type":"","background-media":"","overlay-type":"","overlay-color":"","overlay-opacity":"","overlay-gradient":""},"tablet":{"background-color":"","background-image":"","background-repeat":"repeat","background-position":"center center","background-size":"auto","background-attachment":"scroll","background-type":"","background-media":"","overlay-type":"","overlay-color":"","overlay-opacity":"","overlay-gradient":""},"mobile":{"background-color":"","background-image":"","background-repeat":"repeat","background-position":"center center","background-size":"auto","background-attachment":"scroll","background-type":"","background-media":"","overlay-type":"","overlay-color":"","overlay-opacity":"","overlay-gradient":""}},"ast-content-background-meta":{"desktop":{"background-color":"var(--ast-global-color-4)","background-image":"","background-repeat":"repeat","background-position":"center center","background-size":"auto","background-attachment":"scroll","background-type":"","background-media":"","overlay-type":"","overlay-color":"","overlay-opacity":"","overlay-gradient":""},"tablet":{"background-color":"var(--ast-global-color-4)","background-image":"","background-repeat":"repeat","background-position":"center center","background-size":"auto","background-attachment":"scroll","background-type":"","background-media":"","overlay-type":"","overlay-color":"","overlay-opacity":"","overlay-gradient":""},"mobile":{"background-color":"var(--ast-global-color-4)","background-image":"","background-repeat":"repeat","background-position":"center center","background-size":"auto","background-attachment":"scroll","background-type":"","background-media":"","overlay-type":"","overlay-color":"","overlay-opacity":"","overlay-gradient":""}},"footnotes":""},"class_list":["post-2","page","type-page","status-publish","hentry"],"_links":{"self":[{"href":"https:\/\/jmk-hammel.com\/index.php?rest_route=\/wp\/v2\/pages\/2","targetHints":{"allow":["GET"]}}],"collection":[{"href":"https:\/\/jmk-hammel.com\/index.php?rest_route=\/wp\/v2\/pages"}],"about":[{"href":"https:\/\/jmk-hammel.com\/index.php?rest_route=\/wp\/v2\/types\/page"}],"author":[{"embeddable":true,"href":"https:\/\/jmk-hammel.com\/index.php?rest_route=\/wp\/v2\/users\/1"}],"replies":[{"embeddable":true,"href":"https:\/\/jmk-hammel.com\/index.php?rest_route=%2Fwp%2Fv2%2Fcomments&post=2"}],"version-history":[{"count":41,"href":"https:\/\/jmk-hammel.com\/index.php?rest_route=\/wp\/v2\/pages\/2\/revisions"}],"predecessor-version":[{"id":470,"href":"https:\/\/jmk-hammel.com\/index.php?rest_route=\/wp\/v2\/pages\/2\/revisions\/470"}],"wp:attachment":[{"href":"https:\/\/jmk-hammel.com\/index.php?rest_route=%2Fwp%2Fv2%2Fmedia&parent=2"}],"curies":[{"name":"wp","href":"https:\/\/api.w.org\/{rel}","templated":true}]}}