{"id":126,"date":"2025-02-26T10:28:41","date_gmt":"2025-02-26T09:28:41","guid":{"rendered":"https:\/\/jmk-hammel.com\/?page_id=126"},"modified":"2026-02-19T17:58:24","modified_gmt":"2026-02-19T16:58:24","slug":"galleri","status":"publish","type":"page","link":"https:\/\/jmk-hammel.com\/?page_id=126","title":{"rendered":"Galleri"},"content":{"rendered":"\n<blockquote class=\"wp-block-quote alignfull is-layout-flow wp-container-core-quote-is-layout-f016c79b wp-block-quote-is-layout-flow\" style=\"padding-top:0;padding-right:0;padding-bottom:0;padding-left:0\">\n<p><\/p>\n<\/blockquote>\n\n\n\n<h2 class=\"wp-block-heading has-text-align-center has-ast-global-color-0-color has-text-color has-link-color wp-elements-2a0a73f8b13feb82448a534fb234e42e\">Mine kunders hunde f\u00f8r og efter.<\/h2>\n\n\n\n<p>Velkommen til mit galleri, hvor jeg pr\u00e6senterer et udvalg af mit arbejde med hundepleje. Som en en-persons virksomhed forst\u00e5r jeg, hvor vigtigt det er at finde tid til at tage billeder af alle de s\u00f8de pelsede venner, jeg arbejder med hver dag. N\u00e5r tiden tillader det, elsker jeg at fange deres flotte frisurer og glade udtryk.<\/p>\n\n\n\n<figure class=\"wp-block-gallery has-nested-images columns-1 is-cropped wp-block-gallery-1 is-layout-flex wp-block-gallery-is-layout-flex\">\n<figure class=\"wp-block-image size-full has-custom-border\"><img decoding=\"async\" width=\"910\" height=\"512\" data-id=\"182\" src=\"https:\/\/jmk-hammel.com\/wp-content\/uploads\/2025\/02\/havana-for.webp\" alt=\"en beige havaneserhund st\u00e5r vendt mod kameraet p\u00e5 et plejebord\" class=\"has-border-color has-ast-global-color-0-border-color wp-image-182\" style=\"border-width:1px\" srcset=\"https:\/\/jmk-hammel.com\/wp-content\/uploads\/2025\/02\/havana-for.webp 910w, https:\/\/jmk-hammel.com\/wp-content\/uploads\/2025\/02\/havana-for-300x169.webp 300w, https:\/\/jmk-hammel.com\/wp-content\/uploads\/2025\/02\/havana-for-768x432.webp 768w\" sizes=\"(max-width: 910px) 100vw, 910px\" \/><\/figure>\n\n\n\n<figure class=\"wp-block-image size-full has-custom-border\"><img decoding=\"async\" width=\"1820\" height=\"1024\" data-id=\"181\" src=\"https:\/\/jmk-hammel.com\/wp-content\/uploads\/2025\/02\/havana-efter.webp\" alt=\"En Coton de Tulear-hund er glad efter en klipning i en hundevenlig fris\u00f8rsalon i Hammel, Favrskov kommune\" class=\"has-border-color has-ast-global-color-0-border-color wp-image-181\" style=\"border-width:1px\" srcset=\"https:\/\/jmk-hammel.com\/wp-content\/uploads\/2025\/02\/havana-efter.webp 1820w, https:\/\/jmk-hammel.com\/wp-content\/uploads\/2025\/02\/havana-efter-300x169.webp 300w, https:\/\/jmk-hammel.com\/wp-content\/uploads\/2025\/02\/havana-efter-1024x576.webp 1024w, https:\/\/jmk-hammel.com\/wp-content\/uploads\/2025\/02\/havana-efter-768x432.webp 768w, https:\/\/jmk-hammel.com\/wp-content\/uploads\/2025\/02\/havana-efter-1536x864.webp 1536w\" sizes=\"(max-width: 1820px) 100vw, 1820px\" \/><\/figure>\n\n\n\n<figure class=\"wp-block-image size-full has-custom-border\"><img decoding=\"async\" width=\"1820\" height=\"1024\" data-id=\"186\" src=\"https:\/\/jmk-hammel.com\/wp-content\/uploads\/2025\/02\/hvid-hund-for-og-efter.webp\" alt=\"En hvid hund p\u00e5 to billeder f\u00f8r og efter klipning og vask hos fris\u00f8ren\" class=\"has-border-color has-ast-global-color-0-border-color wp-image-186\" style=\"border-width:1px\" srcset=\"https:\/\/jmk-hammel.com\/wp-content\/uploads\/2025\/02\/hvid-hund-for-og-efter.webp 1820w, https:\/\/jmk-hammel.com\/wp-content\/uploads\/2025\/02\/hvid-hund-for-og-efter-300x169.webp 300w, https:\/\/jmk-hammel.com\/wp-content\/uploads\/2025\/02\/hvid-hund-for-og-efter-1024x576.webp 1024w, https:\/\/jmk-hammel.com\/wp-content\/uploads\/2025\/02\/hvid-hund-for-og-efter-768x432.webp 768w, https:\/\/jmk-hammel.com\/wp-content\/uploads\/2025\/02\/hvid-hund-for-og-efter-1536x864.webp 1536w\" sizes=\"(max-width: 1820px) 100vw, 1820px\" \/><\/figure>\n\n\n\n<figure class=\"wp-block-image size-full has-custom-border\"><img decoding=\"async\" width=\"1820\" height=\"1024\" data-id=\"171\" src=\"https:\/\/jmk-hammel.com\/wp-content\/uploads\/2025\/02\/boluldhund-for-og-efter.webp\" alt=\"to billeder af den samme Bomuld hund f\u00f8r og efter en perfekt klipning hos JMK Hundeklipperen som er overkommelig\" class=\"has-border-color has-ast-global-color-0-border-color wp-image-171\" style=\"border-width:1px\" srcset=\"https:\/\/jmk-hammel.com\/wp-content\/uploads\/2025\/02\/boluldhund-for-og-efter.webp 1820w, https:\/\/jmk-hammel.com\/wp-content\/uploads\/2025\/02\/boluldhund-for-og-efter-300x169.webp 300w, https:\/\/jmk-hammel.com\/wp-content\/uploads\/2025\/02\/boluldhund-for-og-efter-1024x576.webp 1024w, https:\/\/jmk-hammel.com\/wp-content\/uploads\/2025\/02\/boluldhund-for-og-efter-768x432.webp 768w, https:\/\/jmk-hammel.com\/wp-content\/uploads\/2025\/02\/boluldhund-for-og-efter-1536x864.webp 1536w\" sizes=\"(max-width: 1820px) 100vw, 1820px\" \/><\/figure>\n\n\n\n<figure class=\"wp-block-image size-full has-custom-border\"><img decoding=\"async\" width=\"1827\" height=\"1462\" data-id=\"288\" src=\"https:\/\/jmk-hammel.com\/wp-content\/uploads\/2025\/03\/IMG_20231122_082157171-1.webp\" alt=\"\" class=\"has-border-color has-ast-global-color-0-border-color wp-image-288\" style=\"border-width:1px\" srcset=\"https:\/\/jmk-hammel.com\/wp-content\/uploads\/2025\/03\/IMG_20231122_082157171-1.webp 1827w, https:\/\/jmk-hammel.com\/wp-content\/uploads\/2025\/03\/IMG_20231122_082157171-1-300x240.webp 300w, https:\/\/jmk-hammel.com\/wp-content\/uploads\/2025\/03\/IMG_20231122_082157171-1-1024x819.webp 1024w, https:\/\/jmk-hammel.com\/wp-content\/uploads\/2025\/03\/IMG_20231122_082157171-1-768x615.webp 768w, https:\/\/jmk-hammel.com\/wp-content\/uploads\/2025\/03\/IMG_20231122_082157171-1-1536x1229.webp 1536w\" sizes=\"(max-width: 1827px) 100vw, 1827px\" \/><\/figure>\n\n\n\n<figure class=\"wp-block-image size-full has-custom-border\"><img decoding=\"async\" width=\"1517\" height=\"1213\" data-id=\"289\" src=\"https:\/\/jmk-hammel.com\/wp-content\/uploads\/2025\/03\/IMG_20231122_100541649.webp\" alt=\"\" class=\"has-border-color has-ast-global-color-0-border-color wp-image-289\" style=\"border-width:1px\" srcset=\"https:\/\/jmk-hammel.com\/wp-content\/uploads\/2025\/03\/IMG_20231122_100541649.webp 1517w, https:\/\/jmk-hammel.com\/wp-content\/uploads\/2025\/03\/IMG_20231122_100541649-300x240.webp 300w, https:\/\/jmk-hammel.com\/wp-content\/uploads\/2025\/03\/IMG_20231122_100541649-1024x819.webp 1024w, https:\/\/jmk-hammel.com\/wp-content\/uploads\/2025\/03\/IMG_20231122_100541649-768x614.webp 768w\" sizes=\"(max-width: 1517px) 100vw, 1517px\" \/><\/figure>\n\n\n\n<figure class=\"wp-block-image size-full has-custom-border\"><img decoding=\"async\" width=\"1820\" height=\"1024\" data-id=\"180\" src=\"https:\/\/jmk-hammel.com\/wp-content\/uploads\/2025\/02\/havana-2-for.webp\" alt=\"En hvid og beige havanais hund med en meget usoigneret pels st\u00e5r p\u00e5 et sort bord og venter p\u00e5 en professionel vask og klipning\" class=\"has-border-color has-ast-global-color-0-border-color wp-image-180\" style=\"border-width:1px\" srcset=\"https:\/\/jmk-hammel.com\/wp-content\/uploads\/2025\/02\/havana-2-for.webp 1820w, https:\/\/jmk-hammel.com\/wp-content\/uploads\/2025\/02\/havana-2-for-300x169.webp 300w, https:\/\/jmk-hammel.com\/wp-content\/uploads\/2025\/02\/havana-2-for-1024x576.webp 1024w, https:\/\/jmk-hammel.com\/wp-content\/uploads\/2025\/02\/havana-2-for-768x432.webp 768w, https:\/\/jmk-hammel.com\/wp-content\/uploads\/2025\/02\/havana-2-for-1536x864.webp 1536w\" sizes=\"(max-width: 1820px) 100vw, 1820px\" \/><\/figure>\n\n\n\n<figure class=\"wp-block-image size-full has-custom-border\"><img decoding=\"async\" width=\"1820\" height=\"1024\" data-id=\"179\" src=\"https:\/\/jmk-hammel.com\/wp-content\/uploads\/2025\/02\/havana2-efter-2.webp\" alt=\"En hvid og beige havanais hund med nyklippet pels st\u00e5r p\u00e5 et gult bord og venter glad p\u00e5 sin ejer\" class=\"has-border-color has-ast-global-color-0-border-color wp-image-179\" style=\"border-width:1px\" srcset=\"https:\/\/jmk-hammel.com\/wp-content\/uploads\/2025\/02\/havana2-efter-2.webp 1820w, https:\/\/jmk-hammel.com\/wp-content\/uploads\/2025\/02\/havana2-efter-2-300x169.webp 300w, https:\/\/jmk-hammel.com\/wp-content\/uploads\/2025\/02\/havana2-efter-2-1024x576.webp 1024w, https:\/\/jmk-hammel.com\/wp-content\/uploads\/2025\/02\/havana2-efter-2-768x432.webp 768w, https:\/\/jmk-hammel.com\/wp-content\/uploads\/2025\/02\/havana2-efter-2-1536x864.webp 1536w\" sizes=\"(max-width: 1820px) 100vw, 1820px\" \/><\/figure>\n\n\n\n<figure class=\"wp-block-image size-full has-custom-border\"><img decoding=\"async\" width=\"1820\" height=\"1024\" data-id=\"183\" src=\"https:\/\/jmk-hammel.com\/wp-content\/uploads\/2025\/02\/havana-for-og-efter.webp\" alt=\"To billeder af den samme havanaishund f\u00f8r og efter vask og klipning.\" class=\"has-border-color has-ast-global-color-0-border-color wp-image-183\" style=\"border-width:1px\" srcset=\"https:\/\/jmk-hammel.com\/wp-content\/uploads\/2025\/02\/havana-for-og-efter.webp 1820w, https:\/\/jmk-hammel.com\/wp-content\/uploads\/2025\/02\/havana-for-og-efter-300x169.webp 300w, https:\/\/jmk-hammel.com\/wp-content\/uploads\/2025\/02\/havana-for-og-efter-1024x576.webp 1024w, https:\/\/jmk-hammel.com\/wp-content\/uploads\/2025\/02\/havana-for-og-efter-768x432.webp 768w, https:\/\/jmk-hammel.com\/wp-content\/uploads\/2025\/02\/havana-for-og-efter-1536x864.webp 1536w\" sizes=\"(max-width: 1820px) 100vw, 1820px\" \/><\/figure>\n\n\n\n<figure class=\"wp-block-image size-full has-custom-border\"><img decoding=\"async\" width=\"1820\" height=\"1024\" data-id=\"189\" src=\"https:\/\/jmk-hammel.com\/wp-content\/uploads\/2025\/02\/labladoodle.webp\" alt=\"Labradoodle hund i to versioner f\u00f8r og efter klipning\" class=\"has-border-color has-ast-global-color-0-border-color wp-image-189\" style=\"border-width:1px\" srcset=\"https:\/\/jmk-hammel.com\/wp-content\/uploads\/2025\/02\/labladoodle.webp 1820w, https:\/\/jmk-hammel.com\/wp-content\/uploads\/2025\/02\/labladoodle-300x169.webp 300w, https:\/\/jmk-hammel.com\/wp-content\/uploads\/2025\/02\/labladoodle-1024x576.webp 1024w, https:\/\/jmk-hammel.com\/wp-content\/uploads\/2025\/02\/labladoodle-768x432.webp 768w, https:\/\/jmk-hammel.com\/wp-content\/uploads\/2025\/02\/labladoodle-1536x864.webp 1536w\" sizes=\"(max-width: 1820px) 100vw, 1820px\" \/><\/figure>\n\n\n\n<figure class=\"wp-block-image size-full has-custom-border\"><img decoding=\"async\" width=\"1820\" height=\"1024\" data-id=\"197\" src=\"https:\/\/jmk-hammel.com\/wp-content\/uploads\/2025\/02\/sort-puddel-for.webp\" alt=\"Miniature puddelhund f\u00f8r vask og plejeservice\" class=\"has-border-color has-ast-global-color-0-border-color wp-image-197\" style=\"border-width:1px\" srcset=\"https:\/\/jmk-hammel.com\/wp-content\/uploads\/2025\/02\/sort-puddel-for.webp 1820w, https:\/\/jmk-hammel.com\/wp-content\/uploads\/2025\/02\/sort-puddel-for-300x169.webp 300w, https:\/\/jmk-hammel.com\/wp-content\/uploads\/2025\/02\/sort-puddel-for-1024x576.webp 1024w, https:\/\/jmk-hammel.com\/wp-content\/uploads\/2025\/02\/sort-puddel-for-768x432.webp 768w, https:\/\/jmk-hammel.com\/wp-content\/uploads\/2025\/02\/sort-puddel-for-1536x864.webp 1536w\" sizes=\"(max-width: 1820px) 100vw, 1820px\" \/><\/figure>\n\n\n\n<figure class=\"wp-block-image size-full has-custom-border\"><img decoding=\"async\" width=\"1820\" height=\"1024\" data-id=\"198\" src=\"https:\/\/jmk-hammel.com\/wp-content\/uploads\/2025\/02\/sort-pudelefter.webp\" alt=\"En miniaturepuddel, der viser effekten efter klipning og vask\" class=\"has-border-color has-ast-global-color-0-border-color wp-image-198\" style=\"border-width:1px\" srcset=\"https:\/\/jmk-hammel.com\/wp-content\/uploads\/2025\/02\/sort-pudelefter.webp 1820w, https:\/\/jmk-hammel.com\/wp-content\/uploads\/2025\/02\/sort-pudelefter-300x169.webp 300w, https:\/\/jmk-hammel.com\/wp-content\/uploads\/2025\/02\/sort-pudelefter-1024x576.webp 1024w, https:\/\/jmk-hammel.com\/wp-content\/uploads\/2025\/02\/sort-pudelefter-768x432.webp 768w, https:\/\/jmk-hammel.com\/wp-content\/uploads\/2025\/02\/sort-pudelefter-1536x864.webp 1536w\" sizes=\"(max-width: 1820px) 100vw, 1820px\" \/><\/figure>\n\n\n\n<figure class=\"wp-block-image size-full has-custom-border\"><img decoding=\"async\" width=\"1390\" height=\"1112\" data-id=\"290\" src=\"https:\/\/jmk-hammel.com\/wp-content\/uploads\/2025\/03\/IMG_20240104_115416034_HDR.webp\" alt=\"\" class=\"has-border-color has-ast-global-color-0-border-color wp-image-290\" style=\"border-width:1px\" srcset=\"https:\/\/jmk-hammel.com\/wp-content\/uploads\/2025\/03\/IMG_20240104_115416034_HDR.webp 1390w, https:\/\/jmk-hammel.com\/wp-content\/uploads\/2025\/03\/IMG_20240104_115416034_HDR-300x240.webp 300w, https:\/\/jmk-hammel.com\/wp-content\/uploads\/2025\/03\/IMG_20240104_115416034_HDR-1024x819.webp 1024w, https:\/\/jmk-hammel.com\/wp-content\/uploads\/2025\/03\/IMG_20240104_115416034_HDR-768x614.webp 768w\" sizes=\"(max-width: 1390px) 100vw, 1390px\" \/><\/figure>\n\n\n\n<figure class=\"wp-block-image size-full has-custom-border\"><img decoding=\"async\" width=\"1280\" height=\"1024\" data-id=\"291\" src=\"https:\/\/jmk-hammel.com\/wp-content\/uploads\/2025\/03\/IMG_20240104_131507549_HDR.webp\" alt=\"\" class=\"has-border-color has-ast-global-color-0-border-color wp-image-291\" style=\"border-width:1px\" srcset=\"https:\/\/jmk-hammel.com\/wp-content\/uploads\/2025\/03\/IMG_20240104_131507549_HDR.webp 1280w, https:\/\/jmk-hammel.com\/wp-content\/uploads\/2025\/03\/IMG_20240104_131507549_HDR-300x240.webp 300w, https:\/\/jmk-hammel.com\/wp-content\/uploads\/2025\/03\/IMG_20240104_131507549_HDR-1024x819.webp 1024w, https:\/\/jmk-hammel.com\/wp-content\/uploads\/2025\/03\/IMG_20240104_131507549_HDR-768x614.webp 768w\" sizes=\"(max-width: 1280px) 100vw, 1280px\" \/><\/figure>\n\n\n\n<figure class=\"wp-block-image size-full has-custom-border\"><img decoding=\"async\" width=\"1302\" height=\"1041\" data-id=\"292\" src=\"https:\/\/jmk-hammel.com\/wp-content\/uploads\/2025\/03\/IMG_20240224_092953333_HDR-kopia.webp\" alt=\"\" class=\"has-border-color has-ast-global-color-0-border-color wp-image-292\" style=\"border-width:1px\" srcset=\"https:\/\/jmk-hammel.com\/wp-content\/uploads\/2025\/03\/IMG_20240224_092953333_HDR-kopia.webp 1302w, https:\/\/jmk-hammel.com\/wp-content\/uploads\/2025\/03\/IMG_20240224_092953333_HDR-kopia-300x240.webp 300w, https:\/\/jmk-hammel.com\/wp-content\/uploads\/2025\/03\/IMG_20240224_092953333_HDR-kopia-1024x819.webp 1024w, https:\/\/jmk-hammel.com\/wp-content\/uploads\/2025\/03\/IMG_20240224_092953333_HDR-kopia-768x614.webp 768w\" sizes=\"(max-width: 1302px) 100vw, 1302px\" \/><\/figure>\n\n\n\n<figure class=\"wp-block-image size-full has-custom-border\"><img decoding=\"async\" width=\"1488\" height=\"1191\" data-id=\"293\" src=\"https:\/\/jmk-hammel.com\/wp-content\/uploads\/2025\/03\/IMG_20240224_111713037-kopia.webp\" alt=\"\" class=\"has-border-color has-ast-global-color-0-border-color wp-image-293\" style=\"border-width:1px\" srcset=\"https:\/\/jmk-hammel.com\/wp-content\/uploads\/2025\/03\/IMG_20240224_111713037-kopia.webp 1488w, https:\/\/jmk-hammel.com\/wp-content\/uploads\/2025\/03\/IMG_20240224_111713037-kopia-300x240.webp 300w, https:\/\/jmk-hammel.com\/wp-content\/uploads\/2025\/03\/IMG_20240224_111713037-kopia-1024x820.webp 1024w, https:\/\/jmk-hammel.com\/wp-content\/uploads\/2025\/03\/IMG_20240224_111713037-kopia-768x615.webp 768w\" sizes=\"(max-width: 1488px) 100vw, 1488px\" \/><\/figure>\n<\/figure>\n\n\n\n<p><\/p>\n","protected":false},"excerpt":{"rendered":"<p>Mine kunders hunde f\u00f8r og efter. Velkommen til mit galleri, hvor jeg pr\u00e6senterer et udvalg af mit arbejde med hundepleje. [&hellip;]<\/p>\n","protected":false},"author":1,"featured_media":0,"parent":0,"menu_order":0,"comment_status":"closed","ping_status":"closed","template":"","meta":{"site-sidebar-layout":"default","site-content-layout":"","ast-site-content-layout":"","site-content-style":"default","site-sidebar-style":"default","ast-global-header-display":"","ast-banner-title-visibility":"","ast-main-header-display":"","ast-hfb-above-header-display":"","ast-hfb-below-header-display":"","ast-hfb-mobile-header-display":"","site-post-title":"disabled","ast-breadcrumbs-content":"","ast-featured-img":"","footer-sml-layout":"","ast-disable-related-posts":"","theme-transparent-header-meta":"","adv-header-id-meta":"","stick-header-meta":"","header-above-stick-meta":"","header-main-stick-meta":"","header-below-stick-meta":"","astra-migrate-meta-layouts":"default","ast-page-background-enabled":"default","ast-page-background-meta":{"desktop":{"background-color":"var(--ast-global-color-5)","background-image":"","background-repeat":"repeat","background-position":"center center","background-size":"auto","background-attachment":"scroll","background-type":"","background-media":"","overlay-type":"","overlay-color":"","overlay-opacity":"","overlay-gradient":""},"tablet":{"background-color":"","background-image":"","background-repeat":"repeat","background-position":"center center","background-size":"auto","background-attachment":"scroll","background-type":"","background-media":"","overlay-type":"","overlay-color":"","overlay-opacity":"","overlay-gradient":""},"mobile":{"background-color":"","background-image":"","background-repeat":"repeat","background-position":"center center","background-size":"auto","background-attachment":"scroll","background-type":"","background-media":"","overlay-type":"","overlay-color":"","overlay-opacity":"","overlay-gradient":""}},"ast-content-background-meta":{"desktop":{"background-color":"var(--ast-global-color-4)","background-image":"","background-repeat":"repeat","background-position":"center center","background-size":"auto","background-attachment":"scroll","background-type":"","background-media":"","overlay-type":"","overlay-color":"","overlay-opacity":"","overlay-gradient":""},"tablet":{"background-color":"var(--ast-global-color-4)","background-image":"","background-repeat":"repeat","background-position":"center center","background-size":"auto","background-attachment":"scroll","background-type":"","background-media":"","overlay-type":"","overlay-color":"","overlay-opacity":"","overlay-gradient":""},"mobile":{"background-color":"var(--ast-global-color-4)","background-image":"","background-repeat":"repeat","background-position":"center center","background-size":"auto","background-attachment":"scroll","background-type":"","background-media":"","overlay-type":"","overlay-color":"","overlay-opacity":"","overlay-gradient":""}},"footnotes":""},"class_list":["post-126","page","type-page","status-publish","hentry"],"_links":{"self":[{"href":"https:\/\/jmk-hammel.com\/index.php?rest_route=\/wp\/v2\/pages\/126","targetHints":{"allow":["GET"]}}],"collection":[{"href":"https:\/\/jmk-hammel.com\/index.php?rest_route=\/wp\/v2\/pages"}],"about":[{"href":"https:\/\/jmk-hammel.com\/index.php?rest_route=\/wp\/v2\/types\/page"}],"author":[{"embeddable":true,"href":"https:\/\/jmk-hammel.com\/index.php?rest_route=\/wp\/v2\/users\/1"}],"replies":[{"embeddable":true,"href":"https:\/\/jmk-hammel.com\/index.php?rest_route=%2Fwp%2Fv2%2Fcomments&post=126"}],"version-history":[{"count":5,"href":"https:\/\/jmk-hammel.com\/index.php?rest_route=\/wp\/v2\/pages\/126\/revisions"}],"predecessor-version":[{"id":472,"href":"https:\/\/jmk-hammel.com\/index.php?rest_route=\/wp\/v2\/pages\/126\/revisions\/472"}],"wp:attachment":[{"href":"https:\/\/jmk-hammel.com\/index.php?rest_route=%2Fwp%2Fv2%2Fmedia&parent=126"}],"curies":[{"name":"wp","href":"https:\/\/api.w.org\/{rel}","templated":true}]}}